{"id":147,"date":"2026-03-23T15:08:00","date_gmt":"2026-03-23T15:08:00","guid":{"rendered":"https:\/\/khathuy.azdigi.shop\/?post_type=product&#038;p=147"},"modified":"2026-03-24T03:06:22","modified_gmt":"2026-03-24T03:06:22","slug":"dam-xoe","status":"publish","type":"product","link":"https:\/\/khathuy.azdigi.shop\/index.php\/product\/dam-xoe\/","title":{"rendered":"\u0110\u1ea7m x\u00f2e"},"content":{"rendered":"<p class=\"QN2lPu\">\u0110\u1ea7m x\u00f2e c\u1ed5 s\u01a1 mi tay ng\u1eafn k\u00e8m kh\u0103n cho\u00e0ng, v\u00e1y li\u1ec1n d\u00e1ng x\u00f2e ph\u1ed1i kh\u0103n c\u1ed5 thanh l\u1ecbch ch\u1ea5t v\u1ea3i m\u1ec1m nh\u1eb9.<\/p>\n<p class=\"QN2lPu\">L\u00e0 thi\u1ebft k\u1ebf \u0111\u1ea7m x\u00f2e c\u1ed5 s\u01a1 mi tay ng\u1eafn mang phong c\u00e1ch thanh l\u1ecbch, hi\u1ec7n \u0111\u1ea1i v\u00e0 \u0111\u1ea7y n\u1eef t\u00ednh. \u0110i\u1ec3m nh\u1ea5n \u0111\u1eb7c bi\u1ec7t l\u00e0 kh\u0103n cho\u00e0ng ph\u1ed1i c\u1ed5 gi\u00fap t\u1ed5ng th\u1ec3 th\u00eam ph\u1ea7n tinh t\u1ebf, t\u1ea1o \u0111i\u1ec3m nh\u1ea5n nh\u1eb9 nh\u00e0ng v\u00e0 sang tr\u1ecdng. D\u00e1ng v\u00e1y x\u00f2e nh\u1eb9 t\u1ef1 nhi\u00ean gi\u00fap t\u00f4n d\u00e1ng, t\u1ea1o hi\u1ec7u \u1ee9ng v\u00f2ng eo thon g\u1ecdn v\u00e0 che khuy\u1ebft \u0111i\u1ec3m ph\u1ea7n h\u00f4ng kh\u00e9o l\u00e9o.<\/p>\n<p class=\"QN2lPu\">H\u01af\u1edaNG D\u1eaaN B\u1ea2O QU\u1ea2N &amp; CH\u00cdNH S\u00c1CH B\u1ea2O H\u00c0NH \u2013 \u0110\u1ed4I TR\u1ea2<\/p>\n<p class=\"QN2lPu\">Gi\u1eb7t tay ho\u1eb7c gi\u1eb7t m\u00e1y ch\u1ebf \u0111\u1ed9 nh\u1eb9, l\u1ed9n tr\u00e1i s\u1ea3n ph\u1ea9m khi gi\u1eb7t<\/p>\n<p class=\"QN2lPu\">Kh\u00f4ng ng\u00e2m l\u00e2u v\u00e0 kh\u00f4ng d\u00f9ng ch\u1ea5t t\u1ea9y m\u1ea1nh<\/p>\n<p class=\"QN2lPu\">\u1ee6i m\u1eb7t tr\u00e1i \u1edf nhi\u1ec7t \u0111\u1ed9 th\u1ea5p<\/p>\n<p class=\"QN2lPu\">Ph\u01a1i n\u01a1i tho\u00e1ng m\u00e1t, tr\u00e1nh ph\u01a1i tr\u1ef1c ti\u1ebfp d\u01b0\u1edbi n\u1eafng g\u1eaft<\/p>\n<p><img loading=\"lazy\" decoding=\"async\" class=\"alignnone size-medium wp-image-89\" src=\"https:\/\/khathuy.azdigi.shop\/wp-content\/uploads\/2026\/03\/vn-11134207-7r98o-lzr6ohludiu92a-300x300.webp\" alt=\"\" width=\"300\" height=\"300\" srcset=\"https:\/\/khathuy.azdigi.shop\/wp-content\/uploads\/2026\/03\/vn-11134207-7r98o-lzr6ohludiu92a-300x300.webp 300w, https:\/\/khathuy.azdigi.shop\/wp-content\/uploads\/2026\/03\/vn-11134207-7r98o-lzr6ohludiu92a-150x150.webp 150w, https:\/\/khathuy.azdigi.shop\/wp-content\/uploads\/2026\/03\/vn-11134207-7r98o-lzr6ohludiu92a-768x768.webp 768w, https:\/\/khathuy.azdigi.shop\/wp-content\/uploads\/2026\/03\/vn-11134207-7r98o-lzr6ohludiu92a-510x510.webp 510w, https:\/\/khathuy.azdigi.shop\/wp-content\/uploads\/2026\/03\/vn-11134207-7r98o-lzr6ohludiu92a-100x100.webp 100w, https:\/\/khathuy.azdigi.shop\/wp-content\/uploads\/2026\/03\/vn-11134207-7r98o-lzr6ohludiu92a.webp 1024w\" sizes=\"auto, (max-width: 300px) 100vw, 300px\" \/><\/p>\n<p>&nbsp;<\/p>\n","protected":false},"excerpt":{"rendered":"<p>\u0110\u1ea7m x\u00f2e c\u1ed5 s\u01a1 mi tay ng\u1eafn k\u00e8m kh\u0103n cho\u00e0ng, v\u00e1y li\u1ec1n d\u00e1ng x\u00f2e ph\u1ed1i kh\u0103n c\u1ed5 thanh l\u1ecbch ch\u1ea5t v\u1ea3i m\u1ec1m nh\u1eb9. L\u00e0 thi\u1ebft k\u1ebf \u0111\u1ea7m x\u00f2e c\u1ed5 s\u01a1 mi tay ng\u1eafn mang phong c\u00e1ch thanh l\u1ecbch, hi\u1ec7n \u0111\u1ea1i v\u00e0 \u0111\u1ea7y n\u1eef t\u00ednh. \u0110i\u1ec3m nh\u1ea5n \u0111\u1eb7c bi\u1ec7t l\u00e0 kh\u0103n cho\u00e0ng ph\u1ed1i c\u1ed5 gi\u00fap t\u1ed5ng [&#8230;]\n","protected":false},"featured_media":177,"comment_status":"open","ping_status":"closed","template":"","meta":[],"product_brand":[],"product_cat":[16],"product_tag":[],"class_list":{"0":"post-147","1":"product","2":"type-product","3":"status-publish","4":"has-post-thumbnail","6":"product_cat-uncategorized","8":"first","9":"instock","10":"shipping-taxable","11":"product-type-variable"},"yoast_head":"<!-- This site is optimized with the Yoast SEO plugin v27.1.1 - https:\/\/yoast.com\/product\/yoast-seo-wordpress\/ -->\n<title>\u0110\u1ea7m x\u00f2e - kimkhastore<\/title>\n<meta name=\"description\" content=\"\u0110\u1ea7m x\u00f2e c\u1ed5 s\u01a1 mi tay ng\u1eafn mang phong c\u00e1ch thanh l\u1ecbch, hi\u1ec7n \u0111\u1ea1i v\u00e0 \u0111\u1ea7y n\u1eef t\u00ednh. T\u1ea1o \u0111i\u1ec3m nh\u1ea5n nh\u1eb9 nh\u00e0ng, sang tr\u1ecdng v\u00e0 l\u1ecbch s\u1ef1.\" \/>\n<meta name=\"robots\" content=\"index, follow, max-snippet:-1, max-image-preview:large, max-video-preview:-1\" \/>\n<link rel=\"canonical\" href=\"https:\/\/khathuy.azdigi.shop\/index.php\/product\/dam-xoe\/\" \/>\n<meta property=\"og:locale\" content=\"vi_VN\" \/>\n<meta property=\"og:type\" content=\"article\" \/>\n<meta property=\"og:title\" content=\"\u0110\u1ea7m x\u00f2e - kimkhastore\" \/>\n<meta property=\"og:description\" content=\"\u0110\u1ea7m x\u00f2e c\u1ed5 s\u01a1 mi tay ng\u1eafn mang phong c\u00e1ch thanh l\u1ecbch, hi\u1ec7n \u0111\u1ea1i v\u00e0 \u0111\u1ea7y n\u1eef t\u00ednh. T\u1ea1o \u0111i\u1ec3m nh\u1ea5n nh\u1eb9 nh\u00e0ng, sang tr\u1ecdng v\u00e0 l\u1ecbch s\u1ef1.\" \/>\n<meta property=\"og:url\" content=\"https:\/\/khathuy.azdigi.shop\/index.php\/product\/dam-xoe\/\" \/>\n<meta property=\"og:site_name\" content=\"kimkhastore\" \/>\n<meta property=\"article:modified_time\" content=\"2026-03-24T03:06:22+00:00\" \/>\n<meta property=\"og:image\" content=\"https:\/\/khathuy.azdigi.shop\/wp-content\/uploads\/2026\/03\/vn-11134207-7r98o-lzr6ohludiu92a-1.webp\" \/>\n\t<meta property=\"og:image:width\" content=\"1024\" \/>\n\t<meta property=\"og:image:height\" content=\"1024\" \/>\n\t<meta property=\"og:image:type\" content=\"image\/webp\" \/>\n<meta name=\"twitter:card\" content=\"summary_large_image\" \/>\n<meta name=\"twitter:label1\" content=\"\u01af\u1edbc t\u00ednh th\u1eddi gian \u0111\u1ecdc\" \/>\n\t<meta name=\"twitter:data1\" content=\"2 ph\u00fat\" \/>\n<script type=\"application\/ld+json\" class=\"yoast-schema-graph\">{\"@context\":\"https:\/\/schema.org\",\"@graph\":[{\"@type\":\"WebPage\",\"@id\":\"https:\/\/khathuy.azdigi.shop\/index.php\/product\/dam-xoe\/\",\"url\":\"https:\/\/khathuy.azdigi.shop\/index.php\/product\/dam-xoe\/\",\"name\":\"\u0110\u1ea7m x\u00f2e - kimkhastore\",\"isPartOf\":{\"@id\":\"https:\/\/khathuy.azdigi.shop\/#website\"},\"primaryImageOfPage\":{\"@id\":\"https:\/\/khathuy.azdigi.shop\/index.php\/product\/dam-xoe\/#primaryimage\"},\"image\":{\"@id\":\"https:\/\/khathuy.azdigi.shop\/index.php\/product\/dam-xoe\/#primaryimage\"},\"thumbnailUrl\":\"https:\/\/khathuy.azdigi.shop\/wp-content\/uploads\/2026\/03\/vn-11134207-7r98o-lzr6ohludiu92a-1.webp\",\"datePublished\":\"2026-03-23T15:08:00+00:00\",\"dateModified\":\"2026-03-24T03:06:22+00:00\",\"description\":\"\u0110\u1ea7m x\u00f2e c\u1ed5 s\u01a1 mi tay ng\u1eafn mang phong c\u00e1ch thanh l\u1ecbch, hi\u1ec7n \u0111\u1ea1i v\u00e0 \u0111\u1ea7y n\u1eef t\u00ednh. T\u1ea1o \u0111i\u1ec3m nh\u1ea5n nh\u1eb9 nh\u00e0ng, sang tr\u1ecdng v\u00e0 l\u1ecbch s\u1ef1.\",\"breadcrumb\":{\"@id\":\"https:\/\/khathuy.azdigi.shop\/index.php\/product\/dam-xoe\/#breadcrumb\"},\"inLanguage\":\"vi\",\"potentialAction\":[{\"@type\":\"ReadAction\",\"target\":[\"https:\/\/khathuy.azdigi.shop\/index.php\/product\/dam-xoe\/\"]}]},{\"@type\":\"ImageObject\",\"inLanguage\":\"vi\",\"@id\":\"https:\/\/khathuy.azdigi.shop\/index.php\/product\/dam-xoe\/#primaryimage\",\"url\":\"https:\/\/khathuy.azdigi.shop\/wp-content\/uploads\/2026\/03\/vn-11134207-7r98o-lzr6ohludiu92a-1.webp\",\"contentUrl\":\"https:\/\/khathuy.azdigi.shop\/wp-content\/uploads\/2026\/03\/vn-11134207-7r98o-lzr6ohludiu92a-1.webp\",\"width\":1024,\"height\":1024},{\"@type\":\"BreadcrumbList\",\"@id\":\"https:\/\/khathuy.azdigi.shop\/index.php\/product\/dam-xoe\/#breadcrumb\",\"itemListElement\":[{\"@type\":\"ListItem\",\"position\":1,\"name\":\"Home\",\"item\":\"https:\/\/khathuy.azdigi.shop\/\"},{\"@type\":\"ListItem\",\"position\":2,\"name\":\"C\u1eecA H\u00c0NG\",\"item\":\"https:\/\/khathuy.azdigi.shop\/index.php\/cua-hang\/\"},{\"@type\":\"ListItem\",\"position\":3,\"name\":\"\u0110\u1ea7m x\u00f2e\"}]},{\"@type\":\"WebSite\",\"@id\":\"https:\/\/khathuy.azdigi.shop\/#website\",\"url\":\"https:\/\/khathuy.azdigi.shop\/\",\"name\":\"kimkhastore\",\"description\":\"\",\"publisher\":{\"@id\":\"https:\/\/khathuy.azdigi.shop\/#\/schema\/person\/83c140632944cec470ff96fb13cc5b42\"},\"potentialAction\":[{\"@type\":\"SearchAction\",\"target\":{\"@type\":\"EntryPoint\",\"urlTemplate\":\"https:\/\/khathuy.azdigi.shop\/?s={search_term_string}\"},\"query-input\":{\"@type\":\"PropertyValueSpecification\",\"valueRequired\":true,\"valueName\":\"search_term_string\"}}],\"inLanguage\":\"vi\"},{\"@type\":[\"Person\",\"Organization\"],\"@id\":\"https:\/\/khathuy.azdigi.shop\/#\/schema\/person\/83c140632944cec470ff96fb13cc5b42\",\"name\":\"kimkha\",\"image\":{\"@type\":\"ImageObject\",\"inLanguage\":\"vi\",\"@id\":\"https:\/\/khathuy.azdigi.shop\/#\/schema\/person\/image\/\",\"url\":\"https:\/\/khathuy.azdigi.shop\/wp-content\/uploads\/2026\/03\/Black-White-Elegant-Fashion-Store-Logo-1.png\",\"contentUrl\":\"https:\/\/khathuy.azdigi.shop\/wp-content\/uploads\/2026\/03\/Black-White-Elegant-Fashion-Store-Logo-1.png\",\"width\":500,\"height\":500,\"caption\":\"kimkha\"},\"logo\":{\"@id\":\"https:\/\/khathuy.azdigi.shop\/#\/schema\/person\/image\/\"},\"sameAs\":[\"https:\/\/khathuy.azdigi.shop\"]}]}<\/script>\n<!-- \/ Yoast SEO plugin. -->","yoast_head_json":{"title":"\u0110\u1ea7m x\u00f2e - kimkhastore","description":"\u0110\u1ea7m x\u00f2e c\u1ed5 s\u01a1 mi tay ng\u1eafn mang phong c\u00e1ch thanh l\u1ecbch, hi\u1ec7n \u0111\u1ea1i v\u00e0 \u0111\u1ea7y n\u1eef t\u00ednh. T\u1ea1o \u0111i\u1ec3m nh\u1ea5n nh\u1eb9 nh\u00e0ng, sang tr\u1ecdng v\u00e0 l\u1ecbch s\u1ef1.","robots":{"index":"index","follow":"follow","max-snippet":"max-snippet:-1","max-image-preview":"max-image-preview:large","max-video-preview":"max-video-preview:-1"},"canonical":"https:\/\/khathuy.azdigi.shop\/index.php\/product\/dam-xoe\/","og_locale":"vi_VN","og_type":"article","og_title":"\u0110\u1ea7m x\u00f2e - kimkhastore","og_description":"\u0110\u1ea7m x\u00f2e c\u1ed5 s\u01a1 mi tay ng\u1eafn mang phong c\u00e1ch thanh l\u1ecbch, hi\u1ec7n \u0111\u1ea1i v\u00e0 \u0111\u1ea7y n\u1eef t\u00ednh. T\u1ea1o \u0111i\u1ec3m nh\u1ea5n nh\u1eb9 nh\u00e0ng, sang tr\u1ecdng v\u00e0 l\u1ecbch s\u1ef1.","og_url":"https:\/\/khathuy.azdigi.shop\/index.php\/product\/dam-xoe\/","og_site_name":"kimkhastore","article_modified_time":"2026-03-24T03:06:22+00:00","og_image":[{"width":1024,"height":1024,"url":"https:\/\/khathuy.azdigi.shop\/wp-content\/uploads\/2026\/03\/vn-11134207-7r98o-lzr6ohludiu92a-1.webp","type":"image\/webp"}],"twitter_card":"summary_large_image","twitter_misc":{"\u01af\u1edbc t\u00ednh th\u1eddi gian \u0111\u1ecdc":"2 ph\u00fat"},"schema":{"@context":"https:\/\/schema.org","@graph":[{"@type":"WebPage","@id":"https:\/\/khathuy.azdigi.shop\/index.php\/product\/dam-xoe\/","url":"https:\/\/khathuy.azdigi.shop\/index.php\/product\/dam-xoe\/","name":"\u0110\u1ea7m x\u00f2e - kimkhastore","isPartOf":{"@id":"https:\/\/khathuy.azdigi.shop\/#website"},"primaryImageOfPage":{"@id":"https:\/\/khathuy.azdigi.shop\/index.php\/product\/dam-xoe\/#primaryimage"},"image":{"@id":"https:\/\/khathuy.azdigi.shop\/index.php\/product\/dam-xoe\/#primaryimage"},"thumbnailUrl":"https:\/\/khathuy.azdigi.shop\/wp-content\/uploads\/2026\/03\/vn-11134207-7r98o-lzr6ohludiu92a-1.webp","datePublished":"2026-03-23T15:08:00+00:00","dateModified":"2026-03-24T03:06:22+00:00","description":"\u0110\u1ea7m x\u00f2e c\u1ed5 s\u01a1 mi tay ng\u1eafn mang phong c\u00e1ch thanh l\u1ecbch, hi\u1ec7n \u0111\u1ea1i v\u00e0 \u0111\u1ea7y n\u1eef t\u00ednh. T\u1ea1o \u0111i\u1ec3m nh\u1ea5n nh\u1eb9 nh\u00e0ng, sang tr\u1ecdng v\u00e0 l\u1ecbch s\u1ef1.","breadcrumb":{"@id":"https:\/\/khathuy.azdigi.shop\/index.php\/product\/dam-xoe\/#breadcrumb"},"inLanguage":"vi","potentialAction":[{"@type":"ReadAction","target":["https:\/\/khathuy.azdigi.shop\/index.php\/product\/dam-xoe\/"]}]},{"@type":"ImageObject","inLanguage":"vi","@id":"https:\/\/khathuy.azdigi.shop\/index.php\/product\/dam-xoe\/#primaryimage","url":"https:\/\/khathuy.azdigi.shop\/wp-content\/uploads\/2026\/03\/vn-11134207-7r98o-lzr6ohludiu92a-1.webp","contentUrl":"https:\/\/khathuy.azdigi.shop\/wp-content\/uploads\/2026\/03\/vn-11134207-7r98o-lzr6ohludiu92a-1.webp","width":1024,"height":1024},{"@type":"BreadcrumbList","@id":"https:\/\/khathuy.azdigi.shop\/index.php\/product\/dam-xoe\/#breadcrumb","itemListElement":[{"@type":"ListItem","position":1,"name":"Home","item":"https:\/\/khathuy.azdigi.shop\/"},{"@type":"ListItem","position":2,"name":"C\u1eecA H\u00c0NG","item":"https:\/\/khathuy.azdigi.shop\/index.php\/cua-hang\/"},{"@type":"ListItem","position":3,"name":"\u0110\u1ea7m x\u00f2e"}]},{"@type":"WebSite","@id":"https:\/\/khathuy.azdigi.shop\/#website","url":"https:\/\/khathuy.azdigi.shop\/","name":"kimkhastore","description":"","publisher":{"@id":"https:\/\/khathuy.azdigi.shop\/#\/schema\/person\/83c140632944cec470ff96fb13cc5b42"},"potentialAction":[{"@type":"SearchAction","target":{"@type":"EntryPoint","urlTemplate":"https:\/\/khathuy.azdigi.shop\/?s={search_term_string}"},"query-input":{"@type":"PropertyValueSpecification","valueRequired":true,"valueName":"search_term_string"}}],"inLanguage":"vi"},{"@type":["Person","Organization"],"@id":"https:\/\/khathuy.azdigi.shop\/#\/schema\/person\/83c140632944cec470ff96fb13cc5b42","name":"kimkha","image":{"@type":"ImageObject","inLanguage":"vi","@id":"https:\/\/khathuy.azdigi.shop\/#\/schema\/person\/image\/","url":"https:\/\/khathuy.azdigi.shop\/wp-content\/uploads\/2026\/03\/Black-White-Elegant-Fashion-Store-Logo-1.png","contentUrl":"https:\/\/khathuy.azdigi.shop\/wp-content\/uploads\/2026\/03\/Black-White-Elegant-Fashion-Store-Logo-1.png","width":500,"height":500,"caption":"kimkha"},"logo":{"@id":"https:\/\/khathuy.azdigi.shop\/#\/schema\/person\/image\/"},"sameAs":["https:\/\/khathuy.azdigi.shop"]}]}},"jetpack_sharing_enabled":true,"_links":{"self":[{"href":"https:\/\/khathuy.azdigi.shop\/index.php\/wp-json\/wp\/v2\/product\/147","targetHints":{"allow":["GET"]}}],"collection":[{"href":"https:\/\/khathuy.azdigi.shop\/index.php\/wp-json\/wp\/v2\/product"}],"about":[{"href":"https:\/\/khathuy.azdigi.shop\/index.php\/wp-json\/wp\/v2\/types\/product"}],"replies":[{"embeddable":true,"href":"https:\/\/khathuy.azdigi.shop\/index.php\/wp-json\/wp\/v2\/comments?post=147"}],"wp:featuredmedia":[{"embeddable":true,"href":"https:\/\/khathuy.azdigi.shop\/index.php\/wp-json\/wp\/v2\/media\/177"}],"wp:attachment":[{"href":"https:\/\/khathuy.azdigi.shop\/index.php\/wp-json\/wp\/v2\/media?parent=147"}],"wp:term":[{"taxonomy":"product_brand","embeddable":true,"href":"https:\/\/khathuy.azdigi.shop\/index.php\/wp-json\/wp\/v2\/product_brand?post=147"},{"taxonomy":"product_cat","embeddable":true,"href":"https:\/\/khathuy.azdigi.shop\/index.php\/wp-json\/wp\/v2\/product_cat?post=147"},{"taxonomy":"product_tag","embeddable":true,"href":"https:\/\/khathuy.azdigi.shop\/index.php\/wp-json\/wp\/v2\/product_tag?post=147"}],"curies":[{"name":"wp","href":"https:\/\/api.w.org\/{rel}","templated":true}]}}